{"id":23,"date":"2025-04-29T18:10:09","date_gmt":"2025-04-29T18:10:09","guid":{"rendered":"https:\/\/deliverybarca.com\/home\/"},"modified":"2025-04-29T18:21:30","modified_gmt":"2025-04-29T18:21:30","slug":"home","status":"publish","type":"page","link":"https:\/\/deliverybarca.com\/","title":{"rendered":"Home"},"content":{"rendered":"<h1>Env\u00edos r\u00e1pidos y seguros en Barcelona<\/h1>\n<p>En <em data-start=\"211\" data-end=\"227\">Delivery Bar\u00e7a<\/em> nos especializamos en el transporte \u00e1gil de paquetes peque\u00f1os y medianos dentro de Barcelona. Ya seas particular o empresa, te ofrecemos un servicio puntual, seguro y con atenci\u00f3n cercana en cada entrega.<\/p>\n<p>\t\t\t\t\t<a href=\"\/nosotros\/\"><br \/>\n\t\t\t\t\t\t\t\t\tcon\u00f3cenos<br \/>\n\t\t\t\t\t<\/a><\/p>\n<p>Conectamos Barcelona de punta a punta<\/p>\n<h2>Tu entrega en manos expertas<\/h2>\n<p>Recorremos Barcelona con eficiencia y cuidado, garantizando que cada paquete llegue a destino como debe. Trabajamos con rapidez y compromiso, desde el centro hasta los barrios m\u00e1s alejados.<\/p>\n<p>\t\t\t\t\t<a href=\"\/nosotros\/#servicios\"><br \/>\n\t\t\t\t<svg aria-hidden=\"true\" viewBox=\"0 0 256 512\" xmlns=\"http:\/\/www.w3.org\/2000\/svg\"><path d=\"M224.3 273l-136 136c-9.4 9.4-24.6 9.4-33.9 0l-22.6-22.6c-9.4-9.4-9.4-24.6 0-33.9l96.4-96.4-96.4-96.4c-9.4-9.4-9.4-24.6 0-33.9L54.3 103c9.4-9.4 24.6-9.4 33.9 0l136 136c9.5 9.4 9.5 24.6.1 34z\"><\/path><\/svg><br \/>\n\t\t\t\t\t\t\t\t\tservicios<br \/>\n\t\t\t\t\t<\/a><br \/>\n\t\t\t\t\t\t\t\t<a data-elementor-open-lightbox=\"yes\" data-elementor-lightbox-slideshow=\"77ad32b9\" data-e-action-hash=\"#elementor-action%3Aaction%3Dlightbox%26settings%3DeyJpZCI6MjUsInVybCI6Imh0dHBzOlwvXC9kZWxpdmVyeWJhcmNhLmNvbVwvd3AtY29udGVudFwvdXBsb2Fkc1wvMjAyNVwvMDRcL3JlcGFydGlkb3ItOC1yb2pvLmpwZyIsInNsaWRlc2hvdyI6Ijc3YWQzMmI5In0%3D\" href=\"https:\/\/deliverybarca.com\/wp-content\/uploads\/2025\/04\/repartidor-8-rojo.jpg\"><\/p>\n<figure><img data-src=\"https:\/\/deliverybarca.com\/wp-content\/uploads\/2025\/04\/repartidor-8-rojo.jpg\" alt=\"repartidor-8-rojo.jpg\" \/><\/figure>\n<p><\/a><a data-elementor-open-lightbox=\"yes\" data-elementor-lightbox-slideshow=\"77ad32b9\" data-e-action-hash=\"#elementor-action%3Aaction%3Dlightbox%26settings%3DeyJpZCI6MjYsInVybCI6Imh0dHBzOlwvXC9kZWxpdmVyeWJhcmNhLmNvbVwvd3AtY29udGVudFwvdXBsb2Fkc1wvMjAyNVwvMDRcL2VudHJlZ2FzLTEwLXJvam8uanBnIiwic2xpZGVzaG93IjoiNzdhZDMyYjkifQ%3D%3D\" href=\"https:\/\/deliverybarca.com\/wp-content\/uploads\/2025\/04\/entregas-10-rojo.jpg\"><\/p>\n<figure><img data-src=\"https:\/\/deliverybarca.com\/wp-content\/uploads\/2025\/04\/entregas-10-rojo.jpg\" alt=\"entregas-10-rojo.jpg\" \/><\/figure>\n<p><\/a><a data-elementor-open-lightbox=\"yes\" data-elementor-lightbox-slideshow=\"77ad32b9\" data-e-action-hash=\"#elementor-action%3Aaction%3Dlightbox%26settings%3DeyJpZCI6MjcsInVybCI6Imh0dHBzOlwvXC9kZWxpdmVyeWJhcmNhLmNvbVwvd3AtY29udGVudFwvdXBsb2Fkc1wvMjAyNVwvMDRcL3JlcGFydG9zLTUtcm9qby5qcGciLCJzbGlkZXNob3ciOiI3N2FkMzJiOSJ9\" href=\"https:\/\/deliverybarca.com\/wp-content\/uploads\/2025\/04\/repartos-5-rojo.jpg\"><\/p>\n<figure><img data-src=\"https:\/\/deliverybarca.com\/wp-content\/uploads\/2025\/04\/repartos-5-rojo.jpg\" alt=\"repartos-5-rojo.jpg\" \/><\/figure>\n<p><\/a><a data-elementor-open-lightbox=\"yes\" data-elementor-lightbox-slideshow=\"77ad32b9\" data-e-action-hash=\"#elementor-action%3Aaction%3Dlightbox%26settings%3DeyJpZCI6MjAsInVybCI6Imh0dHBzOlwvXC9kZWxpdmVyeWJhcmNhLmNvbVwvd3AtY29udGVudFwvdXBsb2Fkc1wvMjAyNVwvMDRcL3JlcGFydGlkb3ItMTAuanBnIiwic2xpZGVzaG93IjoiNzdhZDMyYjkifQ%3D%3D\" href=\"https:\/\/deliverybarca.com\/wp-content\/uploads\/2025\/04\/repartidor-10.jpg\"><\/p>\n<figure><img data-src=\"https:\/\/deliverybarca.com\/wp-content\/uploads\/2025\/04\/repartidor-10.jpg\" alt=\"repartidor-10.jpg\" \/><\/figure>\n<p><\/a><a data-elementor-open-lightbox=\"yes\" data-elementor-lightbox-slideshow=\"77ad32b9\" data-e-action-hash=\"#elementor-action%3Aaction%3Dlightbox%26settings%3DeyJpZCI6MjgsInVybCI6Imh0dHBzOlwvXC9kZWxpdmVyeWJhcmNhLmNvbVwvd3AtY29udGVudFwvdXBsb2Fkc1wvMjAyNVwvMDRcL3JlcGFydGlkb3ItOC5qcGVnIiwic2xpZGVzaG93IjoiNzdhZDMyYjkifQ%3D%3D\" href=\"https:\/\/deliverybarca.com\/wp-content\/uploads\/2025\/04\/repartidor-8.jpeg\"><\/p>\n<figure><img data-src=\"https:\/\/deliverybarca.com\/wp-content\/uploads\/2025\/04\/repartidor-8.jpeg\" alt=\"repartidor-8.jpeg\" \/><\/figure>\n<p><\/a><a data-elementor-open-lightbox=\"yes\" data-elementor-lightbox-slideshow=\"77ad32b9\" data-e-action-hash=\"#elementor-action%3Aaction%3Dlightbox%26settings%3DeyJpZCI6MjksInVybCI6Imh0dHBzOlwvXC9kZWxpdmVyeWJhcmNhLmNvbVwvd3AtY29udGVudFwvdXBsb2Fkc1wvMjAyNVwvMDRcL3JlcGFydGlkb3ItNy5qcGciLCJzbGlkZXNob3ciOiI3N2FkMzJiOSJ9\" href=\"https:\/\/deliverybarca.com\/wp-content\/uploads\/2025\/04\/repartidor-7.jpg\"><\/p>\n<figure><img data-src=\"https:\/\/deliverybarca.com\/wp-content\/uploads\/2025\/04\/repartidor-7.jpg\" alt=\"repartidor-7.jpg\" \/><\/figure>\n<p><\/a><a data-elementor-open-lightbox=\"yes\" data-elementor-lightbox-slideshow=\"77ad32b9\" data-e-action-hash=\"#elementor-action%3Aaction%3Dlightbox%26settings%3DeyJpZCI6MzAsInVybCI6Imh0dHBzOlwvXC9kZWxpdmVyeWJhcmNhLmNvbVwvd3AtY29udGVudFwvdXBsb2Fkc1wvMjAyNVwvMDRcL3JlcGFydGlkb3ItNi5qcGciLCJzbGlkZXNob3ciOiI3N2FkMzJiOSJ9\" href=\"https:\/\/deliverybarca.com\/wp-content\/uploads\/2025\/04\/repartidor-6.jpg\"><\/p>\n<figure><img data-src=\"https:\/\/deliverybarca.com\/wp-content\/uploads\/2025\/04\/repartidor-6.jpg\" alt=\"repartidor-6.jpg\" \/><\/figure>\n<p><\/a><a data-elementor-open-lightbox=\"yes\" data-elementor-lightbox-slideshow=\"77ad32b9\" data-e-action-hash=\"#elementor-action%3Aaction%3Dlightbox%26settings%3DeyJpZCI6MzEsInVybCI6Imh0dHBzOlwvXC9kZWxpdmVyeWJhcmNhLmNvbVwvd3AtY29udGVudFwvdXBsb2Fkc1wvMjAyNVwvMDRcL3JlcGFydGlkb3ItNS5qcGciLCJzbGlkZXNob3ciOiI3N2FkMzJiOSJ9\" href=\"https:\/\/deliverybarca.com\/wp-content\/uploads\/2025\/04\/repartidor-5.jpg\"><\/p>\n<figure><img data-src=\"https:\/\/deliverybarca.com\/wp-content\/uploads\/2025\/04\/repartidor-5.jpg\" alt=\"repartidor-5.jpg\" \/><\/figure>\n<p><\/a><a data-elementor-open-lightbox=\"yes\" data-elementor-lightbox-slideshow=\"77ad32b9\" data-e-action-hash=\"#elementor-action%3Aaction%3Dlightbox%26settings%3DeyJpZCI6MzIsInVybCI6Imh0dHBzOlwvXC9kZWxpdmVyeWJhcmNhLmNvbVwvd3AtY29udGVudFwvdXBsb2Fkc1wvMjAyNVwvMDRcL3JlcGFydG9zLTYtcm9qby5qcGciLCJzbGlkZXNob3ciOiI3N2FkMzJiOSJ9\" href=\"https:\/\/deliverybarca.com\/wp-content\/uploads\/2025\/04\/repartos-6-rojo.jpg\"><\/p>\n<figure><img data-src=\"https:\/\/deliverybarca.com\/wp-content\/uploads\/2025\/04\/repartos-6-rojo.jpg\" alt=\"repartos-6-rojo.jpg\" \/><\/figure>\n<p><\/a><a data-elementor-open-lightbox=\"yes\" data-elementor-lightbox-slideshow=\"77ad32b9\" data-e-action-hash=\"#elementor-action%3Aaction%3Dlightbox%26settings%3DeyJpZCI6MzMsInVybCI6Imh0dHBzOlwvXC9kZWxpdmVyeWJhcmNhLmNvbVwvd3AtY29udGVudFwvdXBsb2Fkc1wvMjAyNVwvMDRcL3JlcGFydGlkb3ItMi5qcGciLCJzbGlkZXNob3ciOiI3N2FkMzJiOSJ9\" href=\"https:\/\/deliverybarca.com\/wp-content\/uploads\/2025\/04\/repartidor-2.jpg\"><\/p>\n<figure><img data-src=\"https:\/\/deliverybarca.com\/wp-content\/uploads\/2025\/04\/repartidor-2.jpg\" alt=\"repartidor-2.jpg\" \/><\/figure>\n<p><\/a><\/p>\n","protected":false},"excerpt":{"rendered":"<p>Env\u00edos r\u00e1pidos y seguros en Barcelona En Delivery Bar\u00e7a nos especializamos en el transporte \u00e1gil de paquetes peque\u00f1os y medianos dentro de Barcelona. Ya seas particular o empresa, te ofrecemos un servicio puntual, seguro y con atenci\u00f3n cercana en cada entrega. con\u00f3cenos Conectamos Barcelona de punta a punta Tu entrega en manos expertas Recorremos Barcelona [&hellip;]<\/p>\n","protected":false},"author":1,"featured_media":0,"parent":0,"menu_order":0,"comment_status":"closed","ping_status":"open","template":"elementor_header_footer","meta":{"footnotes":""},"class_list":["post-23","page","type-page","status-publish","hentry"],"_links":{"self":[{"href":"https:\/\/deliverybarca.com\/index.php?rest_route=\/wp\/v2\/pages\/23","targetHints":{"allow":["GET"]}}],"collection":[{"href":"https:\/\/deliverybarca.com\/index.php?rest_route=\/wp\/v2\/pages"}],"about":[{"href":"https:\/\/deliverybarca.com\/index.php?rest_route=\/wp\/v2\/types\/page"}],"author":[{"embeddable":true,"href":"https:\/\/deliverybarca.com\/index.php?rest_route=\/wp\/v2\/users\/1"}],"replies":[{"embeddable":true,"href":"https:\/\/deliverybarca.com\/index.php?rest_route=%2Fwp%2Fv2%2Fcomments&post=23"}],"version-history":[{"count":8,"href":"https:\/\/deliverybarca.com\/index.php?rest_route=\/wp\/v2\/pages\/23\/revisions"}],"predecessor-version":[{"id":65,"href":"https:\/\/deliverybarca.com\/index.php?rest_route=\/wp\/v2\/pages\/23\/revisions\/65"}],"wp:attachment":[{"href":"https:\/\/deliverybarca.com\/index.php?rest_route=%2Fwp%2Fv2%2Fmedia&parent=23"}],"curies":[{"name":"wp","href":"https:\/\/api.w.org\/{rel}","templated":true}]}}